{"id":8087,"date":"2022-09-13T11:40:18","date_gmt":"2022-09-13T15:40:51","guid":{"rendered":"https:\/\/www.ism-mse.ca\/?post_type=product&#038;p=8087"},"modified":"2022-09-28T13:55:22","modified_gmt":"2022-09-28T17:55:22","slug":"ism-mse-annual-subscription","status":"publish","type":"product","link":"https:\/\/www.ism-mse.ca\/en\/product\/ism-mse-annual-subscription\/","title":{"rendered":"ISM-MSE annual subscription"},"content":{"rendered":"","protected":false},"excerpt":{"rendered":"","protected":false},"featured_media":6075,"template":"","meta":[],"product_cat":[331],"product_tag":[],"class_list":["post-8087","product","type-product","status-publish","has-post-thumbnail","hentry","product_cat-non-classe-en"],"yoast_head":"<!-- This site is optimized with the Yoast SEO plugin v26.8 - https:\/\/yoast.com\/product\/yoast-seo-wordpress\/ -->\n<title>ISM-MSE annual subscription - ISM Montr\u00e9al<\/title>\n<meta name=\"robots\" content=\"index, follow, max-snippet:-1, max-image-preview:large, max-video-preview:-1\" \/>\n<link rel=\"canonical\" href=\"https:\/\/www.ism-mse.ca\/en\/product\/ism-mse-annual-subscription\/\" \/>\n<meta property=\"og:locale\" content=\"en_US\" \/>\n<meta property=\"og:type\" content=\"article\" \/>\n<meta property=\"og:title\" content=\"ISM-MSE annual subscription - ISM Montr\u00e9al\" \/>\n<meta property=\"og:url\" content=\"https:\/\/www.ism-mse.ca\/en\/product\/ism-mse-annual-subscription\/\" \/>\n<meta property=\"og:site_name\" content=\"ISM Montr\u00e9al\" \/>\n<meta property=\"article:modified_time\" content=\"2022-09-28T17:55:22+00:00\" \/>\n<meta property=\"og:image\" content=\"https:\/\/www.ism-mse.ca\/wp-content\/uploads\/2018\/08\/logo-1.png\" \/>\n\t<meta property=\"og:image:width\" content=\"279\" \/>\n\t<meta property=\"og:image:height\" content=\"160\" \/>\n\t<meta property=\"og:image:type\" content=\"image\/png\" \/>\n<meta name=\"twitter:card\" content=\"summary_large_image\" \/>\n<script type=\"application\/ld+json\" class=\"yoast-schema-graph\">{\"@context\":\"https:\/\/schema.org\",\"@graph\":[{\"@type\":\"WebPage\",\"@id\":\"https:\/\/www.ism-mse.ca\/en\/product\/ism-mse-annual-subscription\/\",\"url\":\"https:\/\/www.ism-mse.ca\/en\/product\/ism-mse-annual-subscription\/\",\"name\":\"ISM-MSE annual subscription - ISM Montr\u00e9al\",\"isPartOf\":{\"@id\":\"https:\/\/www.ism-mse.ca\/#website\"},\"primaryImageOfPage\":{\"@id\":\"https:\/\/www.ism-mse.ca\/en\/product\/ism-mse-annual-subscription\/#primaryimage\"},\"image\":{\"@id\":\"https:\/\/www.ism-mse.ca\/en\/product\/ism-mse-annual-subscription\/#primaryimage\"},\"thumbnailUrl\":\"https:\/\/www.ism-mse.ca\/wp-content\/uploads\/2018\/08\/logo-1.png\",\"datePublished\":\"2022-09-13T15:40:51+00:00\",\"dateModified\":\"2022-09-28T17:55:22+00:00\",\"breadcrumb\":{\"@id\":\"https:\/\/www.ism-mse.ca\/en\/product\/ism-mse-annual-subscription\/#breadcrumb\"},\"inLanguage\":\"en-US\",\"potentialAction\":[{\"@type\":\"ReadAction\",\"target\":[\"https:\/\/www.ism-mse.ca\/en\/product\/ism-mse-annual-subscription\/\"]}]},{\"@type\":\"ImageObject\",\"inLanguage\":\"en-US\",\"@id\":\"https:\/\/www.ism-mse.ca\/en\/product\/ism-mse-annual-subscription\/#primaryimage\",\"url\":\"https:\/\/www.ism-mse.ca\/wp-content\/uploads\/2018\/08\/logo-1.png\",\"contentUrl\":\"https:\/\/www.ism-mse.ca\/wp-content\/uploads\/2018\/08\/logo-1.png\",\"width\":279,\"height\":160},{\"@type\":\"BreadcrumbList\",\"@id\":\"https:\/\/www.ism-mse.ca\/en\/product\/ism-mse-annual-subscription\/#breadcrumb\",\"itemListElement\":[{\"@type\":\"ListItem\",\"position\":1,\"name\":\"Accueil\",\"item\":\"https:\/\/www.ism-mse.ca\/en\/home\/\"},{\"@type\":\"ListItem\",\"position\":2,\"name\":\"Shop\",\"item\":\"https:\/\/www.ism-mse.ca\/en\/shop\/\"},{\"@type\":\"ListItem\",\"position\":3,\"name\":\"ISM-MSE annual subscription\"}]},{\"@type\":\"WebSite\",\"@id\":\"https:\/\/www.ism-mse.ca\/#website\",\"url\":\"https:\/\/www.ism-mse.ca\/\",\"name\":\"ISM Montr\u00e9al\",\"description\":\"Ing\u00e9nieurs en structure de Montr\u00e9al\",\"potentialAction\":[{\"@type\":\"SearchAction\",\"target\":{\"@type\":\"EntryPoint\",\"urlTemplate\":\"https:\/\/www.ism-mse.ca\/?s={search_term_string}\"},\"query-input\":{\"@type\":\"PropertyValueSpecification\",\"valueRequired\":true,\"valueName\":\"search_term_string\"}}],\"inLanguage\":\"en-US\"}]}<\/script>\n<!-- \/ Yoast SEO plugin. -->","yoast_head_json":{"title":"ISM-MSE annual subscription - ISM Montr\u00e9al","robots":{"index":"index","follow":"follow","max-snippet":"max-snippet:-1","max-image-preview":"max-image-preview:large","max-video-preview":"max-video-preview:-1"},"canonical":"https:\/\/www.ism-mse.ca\/en\/product\/ism-mse-annual-subscription\/","og_locale":"en_US","og_type":"article","og_title":"ISM-MSE annual subscription - ISM Montr\u00e9al","og_url":"https:\/\/www.ism-mse.ca\/en\/product\/ism-mse-annual-subscription\/","og_site_name":"ISM Montr\u00e9al","article_modified_time":"2022-09-28T17:55:22+00:00","og_image":[{"width":279,"height":160,"url":"https:\/\/www.ism-mse.ca\/wp-content\/uploads\/2018\/08\/logo-1.png","type":"image\/png"}],"twitter_card":"summary_large_image","schema":{"@context":"https:\/\/schema.org","@graph":[{"@type":"WebPage","@id":"https:\/\/www.ism-mse.ca\/en\/product\/ism-mse-annual-subscription\/","url":"https:\/\/www.ism-mse.ca\/en\/product\/ism-mse-annual-subscription\/","name":"ISM-MSE annual subscription - ISM Montr\u00e9al","isPartOf":{"@id":"https:\/\/www.ism-mse.ca\/#website"},"primaryImageOfPage":{"@id":"https:\/\/www.ism-mse.ca\/en\/product\/ism-mse-annual-subscription\/#primaryimage"},"image":{"@id":"https:\/\/www.ism-mse.ca\/en\/product\/ism-mse-annual-subscription\/#primaryimage"},"thumbnailUrl":"https:\/\/www.ism-mse.ca\/wp-content\/uploads\/2018\/08\/logo-1.png","datePublished":"2022-09-13T15:40:51+00:00","dateModified":"2022-09-28T17:55:22+00:00","breadcrumb":{"@id":"https:\/\/www.ism-mse.ca\/en\/product\/ism-mse-annual-subscription\/#breadcrumb"},"inLanguage":"en-US","potentialAction":[{"@type":"ReadAction","target":["https:\/\/www.ism-mse.ca\/en\/product\/ism-mse-annual-subscription\/"]}]},{"@type":"ImageObject","inLanguage":"en-US","@id":"https:\/\/www.ism-mse.ca\/en\/product\/ism-mse-annual-subscription\/#primaryimage","url":"https:\/\/www.ism-mse.ca\/wp-content\/uploads\/2018\/08\/logo-1.png","contentUrl":"https:\/\/www.ism-mse.ca\/wp-content\/uploads\/2018\/08\/logo-1.png","width":279,"height":160},{"@type":"BreadcrumbList","@id":"https:\/\/www.ism-mse.ca\/en\/product\/ism-mse-annual-subscription\/#breadcrumb","itemListElement":[{"@type":"ListItem","position":1,"name":"Accueil","item":"https:\/\/www.ism-mse.ca\/en\/home\/"},{"@type":"ListItem","position":2,"name":"Shop","item":"https:\/\/www.ism-mse.ca\/en\/shop\/"},{"@type":"ListItem","position":3,"name":"ISM-MSE annual subscription"}]},{"@type":"WebSite","@id":"https:\/\/www.ism-mse.ca\/#website","url":"https:\/\/www.ism-mse.ca\/","name":"ISM Montr\u00e9al","description":"Ing\u00e9nieurs en structure de Montr\u00e9al","potentialAction":[{"@type":"SearchAction","target":{"@type":"EntryPoint","urlTemplate":"https:\/\/www.ism-mse.ca\/?s={search_term_string}"},"query-input":{"@type":"PropertyValueSpecification","valueRequired":true,"valueName":"search_term_string"}}],"inLanguage":"en-US"}]}},"_links":{"self":[{"href":"https:\/\/www.ism-mse.ca\/en\/wp-json\/wp\/v2\/product\/8087","targetHints":{"allow":["GET"]}}],"collection":[{"href":"https:\/\/www.ism-mse.ca\/en\/wp-json\/wp\/v2\/product"}],"about":[{"href":"https:\/\/www.ism-mse.ca\/en\/wp-json\/wp\/v2\/types\/product"}],"wp:featuredmedia":[{"embeddable":true,"href":"https:\/\/www.ism-mse.ca\/en\/wp-json\/wp\/v2\/media\/6075"}],"wp:attachment":[{"href":"https:\/\/www.ism-mse.ca\/en\/wp-json\/wp\/v2\/media?parent=8087"}],"wp:term":[{"taxonomy":"product_cat","embeddable":true,"href":"https:\/\/www.ism-mse.ca\/en\/wp-json\/wp\/v2\/product_cat?post=8087"},{"taxonomy":"product_tag","embeddable":true,"href":"https:\/\/www.ism-mse.ca\/en\/wp-json\/wp\/v2\/product_tag?post=8087"}],"curies":[{"name":"wp","href":"https:\/\/api.w.org\/{rel}","templated":true}]}}