{"id":8081,"date":"2022-09-13T10:45:10","date_gmt":"2022-09-13T14:45:10","guid":{"rendered":"https:\/\/www.ism-mse.ca\/?page_id=8081"},"modified":"2022-09-13T13:22:08","modified_gmt":"2022-09-13T17:22:08","slug":"order","status":"publish","type":"page","link":"https:\/\/www.ism-mse.ca\/en\/order\/","title":{"rendered":"Order"},"content":{"rendered":"<div class=\"woocommerce\"><\/div>\n","protected":false},"excerpt":{"rendered":"","protected":false},"author":4,"featured_media":0,"parent":0,"menu_order":0,"comment_status":"closed","ping_status":"closed","template":"","meta":{"footnotes":""},"class_list":["post-8081","page","type-page","status-publish","hentry"],"yoast_head":"<!-- This site is optimized with the Yoast SEO plugin v26.8 - https:\/\/yoast.com\/product\/yoast-seo-wordpress\/ -->\n<title>Order - ISM Montr\u00e9al<\/title>\n<meta name=\"robots\" content=\"index, follow, max-snippet:-1, max-image-preview:large, max-video-preview:-1\" \/>\n<link rel=\"canonical\" href=\"https:\/\/www.ism-mse.ca\/en\/order\/\" \/>\n<meta property=\"og:locale\" content=\"en_US\" \/>\n<meta property=\"og:type\" content=\"article\" \/>\n<meta property=\"og:title\" content=\"Order - ISM Montr\u00e9al\" \/>\n<meta property=\"og:url\" content=\"https:\/\/www.ism-mse.ca\/en\/order\/\" \/>\n<meta property=\"og:site_name\" content=\"ISM Montr\u00e9al\" \/>\n<meta property=\"article:modified_time\" content=\"2022-09-13T17:22:08+00:00\" \/>\n<meta name=\"twitter:card\" content=\"summary_large_image\" \/>\n<meta name=\"twitter:label1\" content=\"Est. reading time\" \/>\n\t<meta name=\"twitter:data1\" content=\"1 minute\" \/>\n<script type=\"application\/ld+json\" class=\"yoast-schema-graph\">{\"@context\":\"https:\/\/schema.org\",\"@graph\":[{\"@type\":\"WebPage\",\"@id\":\"https:\/\/www.ism-mse.ca\/en\/order\/\",\"url\":\"https:\/\/www.ism-mse.ca\/en\/order\/\",\"name\":\"Order - ISM Montr\u00e9al\",\"isPartOf\":{\"@id\":\"https:\/\/www.ism-mse.ca\/#website\"},\"datePublished\":\"2022-09-13T14:45:10+00:00\",\"dateModified\":\"2022-09-13T17:22:08+00:00\",\"breadcrumb\":{\"@id\":\"https:\/\/www.ism-mse.ca\/en\/order\/#breadcrumb\"},\"inLanguage\":\"en-US\",\"potentialAction\":[{\"@type\":\"ReadAction\",\"target\":[\"https:\/\/www.ism-mse.ca\/en\/order\/\"]}]},{\"@type\":\"BreadcrumbList\",\"@id\":\"https:\/\/www.ism-mse.ca\/en\/order\/#breadcrumb\",\"itemListElement\":[{\"@type\":\"ListItem\",\"position\":1,\"name\":\"Accueil\",\"item\":\"https:\/\/www.ism-mse.ca\/en\/home\/\"},{\"@type\":\"ListItem\",\"position\":2,\"name\":\"Order\"}]},{\"@type\":\"WebSite\",\"@id\":\"https:\/\/www.ism-mse.ca\/#website\",\"url\":\"https:\/\/www.ism-mse.ca\/\",\"name\":\"ISM Montr\u00e9al\",\"description\":\"Ing\u00e9nieurs en structure de Montr\u00e9al\",\"potentialAction\":[{\"@type\":\"SearchAction\",\"target\":{\"@type\":\"EntryPoint\",\"urlTemplate\":\"https:\/\/www.ism-mse.ca\/?s={search_term_string}\"},\"query-input\":{\"@type\":\"PropertyValueSpecification\",\"valueRequired\":true,\"valueName\":\"search_term_string\"}}],\"inLanguage\":\"en-US\"}]}<\/script>\n<!-- \/ Yoast SEO plugin. -->","yoast_head_json":{"title":"Order - ISM Montr\u00e9al","robots":{"index":"index","follow":"follow","max-snippet":"max-snippet:-1","max-image-preview":"max-image-preview:large","max-video-preview":"max-video-preview:-1"},"canonical":"https:\/\/www.ism-mse.ca\/en\/order\/","og_locale":"en_US","og_type":"article","og_title":"Order - ISM Montr\u00e9al","og_url":"https:\/\/www.ism-mse.ca\/en\/order\/","og_site_name":"ISM Montr\u00e9al","article_modified_time":"2022-09-13T17:22:08+00:00","twitter_card":"summary_large_image","twitter_misc":{"Est. reading time":"1 minute"},"schema":{"@context":"https:\/\/schema.org","@graph":[{"@type":"WebPage","@id":"https:\/\/www.ism-mse.ca\/en\/order\/","url":"https:\/\/www.ism-mse.ca\/en\/order\/","name":"Order - ISM Montr\u00e9al","isPartOf":{"@id":"https:\/\/www.ism-mse.ca\/#website"},"datePublished":"2022-09-13T14:45:10+00:00","dateModified":"2022-09-13T17:22:08+00:00","breadcrumb":{"@id":"https:\/\/www.ism-mse.ca\/en\/order\/#breadcrumb"},"inLanguage":"en-US","potentialAction":[{"@type":"ReadAction","target":["https:\/\/www.ism-mse.ca\/en\/order\/"]}]},{"@type":"BreadcrumbList","@id":"https:\/\/www.ism-mse.ca\/en\/order\/#breadcrumb","itemListElement":[{"@type":"ListItem","position":1,"name":"Accueil","item":"https:\/\/www.ism-mse.ca\/en\/home\/"},{"@type":"ListItem","position":2,"name":"Order"}]},{"@type":"WebSite","@id":"https:\/\/www.ism-mse.ca\/#website","url":"https:\/\/www.ism-mse.ca\/","name":"ISM Montr\u00e9al","description":"Ing\u00e9nieurs en structure de Montr\u00e9al","potentialAction":[{"@type":"SearchAction","target":{"@type":"EntryPoint","urlTemplate":"https:\/\/www.ism-mse.ca\/?s={search_term_string}"},"query-input":{"@type":"PropertyValueSpecification","valueRequired":true,"valueName":"search_term_string"}}],"inLanguage":"en-US"}]}},"_links":{"self":[{"href":"https:\/\/www.ism-mse.ca\/en\/wp-json\/wp\/v2\/pages\/8081","targetHints":{"allow":["GET"]}}],"collection":[{"href":"https:\/\/www.ism-mse.ca\/en\/wp-json\/wp\/v2\/pages"}],"about":[{"href":"https:\/\/www.ism-mse.ca\/en\/wp-json\/wp\/v2\/types\/page"}],"author":[{"embeddable":true,"href":"https:\/\/www.ism-mse.ca\/en\/wp-json\/wp\/v2\/users\/4"}],"replies":[{"embeddable":true,"href":"https:\/\/www.ism-mse.ca\/en\/wp-json\/wp\/v2\/comments?post=8081"}],"version-history":[{"count":2,"href":"https:\/\/www.ism-mse.ca\/en\/wp-json\/wp\/v2\/pages\/8081\/revisions"}],"predecessor-version":[{"id":8096,"href":"https:\/\/www.ism-mse.ca\/en\/wp-json\/wp\/v2\/pages\/8081\/revisions\/8096"}],"wp:attachment":[{"href":"https:\/\/www.ism-mse.ca\/en\/wp-json\/wp\/v2\/media?parent=8081"}],"curies":[{"name":"wp","href":"https:\/\/api.w.org\/{rel}","templated":true}]}}