{"id":6191,"date":"2018-08-20T13:57:18","date_gmt":"2018-08-20T13:57:18","guid":{"rendered":"https:\/\/www.ism-mse.ca\/?page_id=6191"},"modified":"2018-08-20T13:59:30","modified_gmt":"2018-08-20T13:59:30","slug":"terms-of-use","status":"publish","type":"page","link":"https:\/\/www.ism-mse.ca\/en\/terms-of-use\/","title":{"rendered":"Terms of Use"},"content":{"rendered":"<div class=\"wpb-content-wrapper\">[mk_page_section bg_image=&#8221;https:\/\/www.ism-mse.ca\/wp-content\/uploads\/2018\/08\/banniere_pont.jpg&#8221; attachment=&#8221;fixed&#8221; bg_position=&#8221;center center&#8221; bg_repeat=&#8221;no-repeat&#8221; bg_stretch=&#8221;true&#8221; enable_3d=&#8221;true&#8221; speed_factor=&#8221;0.5&#8243; video_color_mask=&#8221;#0a0a0a&#8221; video_opacity=&#8221;0.2&#8243; full_height=&#8221;true&#8221; padding_top=&#8221;0&#8243; padding_bottom=&#8221;0&#8243; el_class=&#8221;page-header&#8221; sidebar=&#8221;sidebar-1&#8243; first_page=&#8221;false&#8221; last_page=&#8221;false&#8221;][vc_column][mk_fancy_title tag_name=&#8221;h1&#8243; color=&#8221;#ffffff&#8221; size=&#8221;64&#8243; margin_bottom=&#8221;0&#8243; font_family=&#8221;none&#8221; align=&#8221;center&#8221; el_class=&#8221;gen-h1&#8243;]Terms of Use[\/mk_fancy_title][\/vc_column][\/mk_page_section][vc_row][vc_column css=&#8221;.vc_custom_1410359650251{padding-top: 140px !important;padding-bottom: 140px !important;}&#8221;][vc_column_text css=&#8221;.vc_custom_1534773563921{margin-bottom: 0px !important;}&#8221;]\n<h2>INTRODUCTION<\/h2>\n<p>Welcome to the Montreal Structural Engineers website. By using our website, you accept the following terms and conditions of use. If this is not your intention, please leave the site.<\/p>\n<h2>INTELLECTUAL PROPERTY NOTICE<\/h2>\n<p>The MSE website, including any content appearing on or accessible through the site, is protected by copyright. Any adaptation or distribution is prohibited unless prior authorization has been obtained.<\/p>\n<h2>EXCLUSION OF LIABILITY<\/h2>\n<p>MSE does not offer any guarantee about the accuracy, relevance or reliability of this website content, nor does it offer guarantee about the errors or omissions the content may include. The information contained in this website shall in no circumstances be construed as a legal opinion. MSE disclaims any overall liability from any inappropriate, improper or fraudulent use of the information provided on this site.<\/p>\n<h2>PROTECTION OF PERSONAL INFORMATION<\/h2>\n<p>MSE respects your right to privacy in accordance with the laws of Qu\u00e9bec and Canada respecting the protection of personal information.<\/p>\n<p>MSE may collect personal information about you. Personal data collection is for the exclusive use of the organization, to allow us to communicate with you, provide you with the services and information you request or provide you with information that may be of interest to you. Unless otherwise authorized by you, MSE will use personal information for these purposes only. If you do not wish to receive additional information, you can let us know by contacting us.[\/vc_column_text][\/vc_column][\/vc_row]\n<\/div>","protected":false},"excerpt":{"rendered":"<p>[mk_page_section bg_image=&#8221;https:\/\/www.ism-mse.ca\/wp-content\/uploads\/2018\/08\/banniere_pont.jpg&#8221; attachment=&#8221;fixed&#8221; bg_position=&#8221;center center&#8221; bg_repeat=&#8221;no-repeat&#8221; bg_stretch=&#8221;true&#8221; enable_3d=&#8221;true&#8221; speed_factor=&#8221;0.5&#8243; video_color_mask=&#8221;#0a0a0a&#8221; video_opacity=&#8221;0.2&#8243; full_height=&#8221;true&#8221; padding_top=&#8221;0&#8243; padding_bottom=&#8221;0&#8243; el_class=&#8221;page-header&#8221; sidebar=&#8221;sidebar-1&#8243; first_page=&#8221;false&#8221; last_page=&#8221;false&#8221;][vc_column][mk_fancy_title tag_name=&#8221;h1&#8243; color=&#8221;#ffffff&#8221; size=&#8221;64&#8243; margin_bottom=&#8221;0&#8243; font_family=&#8221;none&#8221; align=&#8221;center&#8221; el_class=&#8221;gen-h1&#8243;]Terms of Use[\/mk_fancy_title][\/vc_column][\/mk_page_section][vc_row][vc_column css=&#8221;.vc_custom_1410359650251{padding-top: 140px !important;padding-bottom: 140px !important;}&#8221;][vc_column_text css=&#8221;.vc_custom_1534773563921{margin-bottom: 0px !important;}&#8221;] INTRODUCTION Welcome to the Montreal Structural Engineers website. By using our website, you accept the following terms and conditions of [&hellip;]<\/p>\n","protected":false},"author":4,"featured_media":0,"parent":0,"menu_order":0,"comment_status":"closed","ping_status":"closed","template":"","meta":{"footnotes":""},"class_list":["post-6191","page","type-page","status-publish","hentry"],"yoast_head":"<!-- This site is optimized with the Yoast SEO plugin v26.8 - https:\/\/yoast.com\/product\/yoast-seo-wordpress\/ -->\n<title>Terms of Use - ISM Montr\u00e9al<\/title>\n<meta name=\"robots\" content=\"index, follow, max-snippet:-1, max-image-preview:large, max-video-preview:-1\" \/>\n<link rel=\"canonical\" href=\"https:\/\/www.ism-mse.ca\/en\/terms-of-use\/\" \/>\n<meta property=\"og:locale\" content=\"en_US\" \/>\n<meta property=\"og:type\" content=\"article\" \/>\n<meta property=\"og:title\" content=\"Terms of Use - ISM Montr\u00e9al\" \/>\n<meta property=\"og:description\" content=\"[mk_page_section bg_image=&#8221;https:\/\/www.ism-mse.ca\/wp-content\/uploads\/2018\/08\/banniere_pont.jpg&#8221; attachment=&#8221;fixed&#8221; bg_position=&#8221;center center&#8221; bg_repeat=&#8221;no-repeat&#8221; bg_stretch=&#8221;true&#8221; enable_3d=&#8221;true&#8221; speed_factor=&#8221;0.5&#8243; video_color_mask=&#8221;#0a0a0a&#8221; video_opacity=&#8221;0.2&#8243; full_height=&#8221;true&#8221; padding_top=&#8221;0&#8243; padding_bottom=&#8221;0&#8243; el_class=&#8221;page-header&#8221; sidebar=&#8221;sidebar-1&#8243; first_page=&#8221;false&#8221; last_page=&#8221;false&#8221;][vc_column][mk_fancy_title tag_name=&#8221;h1&#8243; color=&#8221;#ffffff&#8221; size=&#8221;64&#8243; margin_bottom=&#8221;0&#8243; font_family=&#8221;none&#8221; align=&#8221;center&#8221; el_class=&#8221;gen-h1&#8243;]Terms of Use[\/mk_fancy_title][\/vc_column][\/mk_page_section][vc_row][vc_column css=&#8221;.vc_custom_1410359650251{padding-top: 140px !important;padding-bottom: 140px !important;}&#8221;][vc_column_text css=&#8221;.vc_custom_1534773563921{margin-bottom: 0px !important;}&#8221;] INTRODUCTION Welcome to the Montreal Structural Engineers website. By using our website, you accept the following terms and conditions of [&hellip;]\" \/>\n<meta property=\"og:url\" content=\"https:\/\/www.ism-mse.ca\/en\/terms-of-use\/\" \/>\n<meta property=\"og:site_name\" content=\"ISM Montr\u00e9al\" \/>\n<meta property=\"article:modified_time\" content=\"2018-08-20T13:59:30+00:00\" \/>\n<meta name=\"twitter:card\" content=\"summary_large_image\" \/>\n<meta name=\"twitter:label1\" content=\"Est. reading time\" \/>\n\t<meta name=\"twitter:data1\" content=\"2 minutes\" \/>\n<script type=\"application\/ld+json\" class=\"yoast-schema-graph\">{\"@context\":\"https:\/\/schema.org\",\"@graph\":[{\"@type\":\"WebPage\",\"@id\":\"https:\/\/www.ism-mse.ca\/en\/terms-of-use\/\",\"url\":\"https:\/\/www.ism-mse.ca\/en\/terms-of-use\/\",\"name\":\"Terms of Use - ISM Montr\u00e9al\",\"isPartOf\":{\"@id\":\"https:\/\/www.ism-mse.ca\/#website\"},\"datePublished\":\"2018-08-20T13:57:18+00:00\",\"dateModified\":\"2018-08-20T13:59:30+00:00\",\"breadcrumb\":{\"@id\":\"https:\/\/www.ism-mse.ca\/en\/terms-of-use\/#breadcrumb\"},\"inLanguage\":\"en-US\",\"potentialAction\":[{\"@type\":\"ReadAction\",\"target\":[\"https:\/\/www.ism-mse.ca\/en\/terms-of-use\/\"]}]},{\"@type\":\"BreadcrumbList\",\"@id\":\"https:\/\/www.ism-mse.ca\/en\/terms-of-use\/#breadcrumb\",\"itemListElement\":[{\"@type\":\"ListItem\",\"position\":1,\"name\":\"Accueil\",\"item\":\"https:\/\/www.ism-mse.ca\/en\/home\/\"},{\"@type\":\"ListItem\",\"position\":2,\"name\":\"Terms of Use\"}]},{\"@type\":\"WebSite\",\"@id\":\"https:\/\/www.ism-mse.ca\/#website\",\"url\":\"https:\/\/www.ism-mse.ca\/\",\"name\":\"ISM Montr\u00e9al\",\"description\":\"Ing\u00e9nieurs en structure de Montr\u00e9al\",\"potentialAction\":[{\"@type\":\"SearchAction\",\"target\":{\"@type\":\"EntryPoint\",\"urlTemplate\":\"https:\/\/www.ism-mse.ca\/?s={search_term_string}\"},\"query-input\":{\"@type\":\"PropertyValueSpecification\",\"valueRequired\":true,\"valueName\":\"search_term_string\"}}],\"inLanguage\":\"en-US\"}]}<\/script>\n<!-- \/ Yoast SEO plugin. -->","yoast_head_json":{"title":"Terms of Use - ISM Montr\u00e9al","robots":{"index":"index","follow":"follow","max-snippet":"max-snippet:-1","max-image-preview":"max-image-preview:large","max-video-preview":"max-video-preview:-1"},"canonical":"https:\/\/www.ism-mse.ca\/en\/terms-of-use\/","og_locale":"en_US","og_type":"article","og_title":"Terms of Use - ISM Montr\u00e9al","og_description":"[mk_page_section bg_image=&#8221;https:\/\/www.ism-mse.ca\/wp-content\/uploads\/2018\/08\/banniere_pont.jpg&#8221; attachment=&#8221;fixed&#8221; bg_position=&#8221;center center&#8221; bg_repeat=&#8221;no-repeat&#8221; bg_stretch=&#8221;true&#8221; enable_3d=&#8221;true&#8221; speed_factor=&#8221;0.5&#8243; video_color_mask=&#8221;#0a0a0a&#8221; video_opacity=&#8221;0.2&#8243; full_height=&#8221;true&#8221; padding_top=&#8221;0&#8243; padding_bottom=&#8221;0&#8243; el_class=&#8221;page-header&#8221; sidebar=&#8221;sidebar-1&#8243; first_page=&#8221;false&#8221; last_page=&#8221;false&#8221;][vc_column][mk_fancy_title tag_name=&#8221;h1&#8243; color=&#8221;#ffffff&#8221; size=&#8221;64&#8243; margin_bottom=&#8221;0&#8243; font_family=&#8221;none&#8221; align=&#8221;center&#8221; el_class=&#8221;gen-h1&#8243;]Terms of Use[\/mk_fancy_title][\/vc_column][\/mk_page_section][vc_row][vc_column css=&#8221;.vc_custom_1410359650251{padding-top: 140px !important;padding-bottom: 140px !important;}&#8221;][vc_column_text css=&#8221;.vc_custom_1534773563921{margin-bottom: 0px !important;}&#8221;] INTRODUCTION Welcome to the Montreal Structural Engineers website. By using our website, you accept the following terms and conditions of [&hellip;]","og_url":"https:\/\/www.ism-mse.ca\/en\/terms-of-use\/","og_site_name":"ISM Montr\u00e9al","article_modified_time":"2018-08-20T13:59:30+00:00","twitter_card":"summary_large_image","twitter_misc":{"Est. reading time":"2 minutes"},"schema":{"@context":"https:\/\/schema.org","@graph":[{"@type":"WebPage","@id":"https:\/\/www.ism-mse.ca\/en\/terms-of-use\/","url":"https:\/\/www.ism-mse.ca\/en\/terms-of-use\/","name":"Terms of Use - ISM Montr\u00e9al","isPartOf":{"@id":"https:\/\/www.ism-mse.ca\/#website"},"datePublished":"2018-08-20T13:57:18+00:00","dateModified":"2018-08-20T13:59:30+00:00","breadcrumb":{"@id":"https:\/\/www.ism-mse.ca\/en\/terms-of-use\/#breadcrumb"},"inLanguage":"en-US","potentialAction":[{"@type":"ReadAction","target":["https:\/\/www.ism-mse.ca\/en\/terms-of-use\/"]}]},{"@type":"BreadcrumbList","@id":"https:\/\/www.ism-mse.ca\/en\/terms-of-use\/#breadcrumb","itemListElement":[{"@type":"ListItem","position":1,"name":"Accueil","item":"https:\/\/www.ism-mse.ca\/en\/home\/"},{"@type":"ListItem","position":2,"name":"Terms of Use"}]},{"@type":"WebSite","@id":"https:\/\/www.ism-mse.ca\/#website","url":"https:\/\/www.ism-mse.ca\/","name":"ISM Montr\u00e9al","description":"Ing\u00e9nieurs en structure de Montr\u00e9al","potentialAction":[{"@type":"SearchAction","target":{"@type":"EntryPoint","urlTemplate":"https:\/\/www.ism-mse.ca\/?s={search_term_string}"},"query-input":{"@type":"PropertyValueSpecification","valueRequired":true,"valueName":"search_term_string"}}],"inLanguage":"en-US"}]}},"_links":{"self":[{"href":"https:\/\/www.ism-mse.ca\/en\/wp-json\/wp\/v2\/pages\/6191","targetHints":{"allow":["GET"]}}],"collection":[{"href":"https:\/\/www.ism-mse.ca\/en\/wp-json\/wp\/v2\/pages"}],"about":[{"href":"https:\/\/www.ism-mse.ca\/en\/wp-json\/wp\/v2\/types\/page"}],"author":[{"embeddable":true,"href":"https:\/\/www.ism-mse.ca\/en\/wp-json\/wp\/v2\/users\/4"}],"replies":[{"embeddable":true,"href":"https:\/\/www.ism-mse.ca\/en\/wp-json\/wp\/v2\/comments?post=6191"}],"version-history":[{"count":4,"href":"https:\/\/www.ism-mse.ca\/en\/wp-json\/wp\/v2\/pages\/6191\/revisions"}],"predecessor-version":[{"id":6195,"href":"https:\/\/www.ism-mse.ca\/en\/wp-json\/wp\/v2\/pages\/6191\/revisions\/6195"}],"wp:attachment":[{"href":"https:\/\/www.ism-mse.ca\/en\/wp-json\/wp\/v2\/media?parent=6191"}],"curies":[{"name":"wp","href":"https:\/\/api.w.org\/{rel}","templated":true}]}}