{"id":6124,"date":"2018-08-15T18:39:21","date_gmt":"2018-08-15T18:39:21","guid":{"rendered":"https:\/\/www.ism-mse.ca\/?page_id=6124"},"modified":"2025-09-03T14:22:31","modified_gmt":"2025-09-03T18:22:31","slug":"sponsors","status":"publish","type":"page","link":"https:\/\/www.ism-mse.ca\/en\/sponsors\/","title":{"rendered":"Sponsors"},"content":{"rendered":"<div class=\"wpb-content-wrapper\">[mk_page_section bg_image=&#8221;https:\/\/www.ism-mse.ca\/wp-content\/uploads\/2018\/08\/banniere_pont.jpg&#8221; attachment=&#8221;fixed&#8221; bg_position=&#8221;center center&#8221; bg_repeat=&#8221;no-repeat&#8221; bg_stretch=&#8221;true&#8221; enable_3d=&#8221;true&#8221; speed_factor=&#8221;0.5&#8243; video_color_mask=&#8221;#0a0a0a&#8221; video_opacity=&#8221;0.2&#8243; full_height=&#8221;true&#8221; padding_top=&#8221;0&#8243; padding_bottom=&#8221;0&#8243; el_class=&#8221;page-header&#8221; sidebar=&#8221;sidebar-1&#8243; first_page=&#8221;false&#8221; last_page=&#8221;false&#8221;][vc_column][mk_fancy_title tag_name=&#8221;h1&#8243; color=&#8221;#ffffff&#8221; size=&#8221;64&#8243; margin_bottom=&#8221;0&#8243; font_family=&#8221;none&#8221; align=&#8221;center&#8221; el_class=&#8221;gen-h1&#8243;]Our sponsors[\/mk_fancy_title][\/vc_column][\/mk_page_section][vc_row el_class=&#8221;row-margin&#8221; id=&#8221;our-sponsors&#8221;][vc_column][mk_fancy_title color=&#8221;#222222&#8243; size=&#8221;28&#8243; font_weight=&#8221;900&#8243; txt_transform=&#8221;uppercase&#8221; margin_bottom=&#8221;0&#8243; font_family=&#8221;none&#8221; align=&#8221;center&#8221; el_class=&#8221;gen-h2&#8243;]Our Sponsors[\/mk_fancy_title][mk_divider style=&#8221;thin_solid&#8221; divider_width=&#8221;custom_width&#8221; custom_width=&#8221;25&#8243; thickness=&#8221;4&#8243; margin_top=&#8221;0&#8243; margin_bottom=&#8221;0&#8243; el_class=&#8221;divider-primary&#8221;][mk_clients style=&#8221;column&#8221; border_style=&#8221;opened_edges&#8221; column=&#8221;4&#8243; count=&#8221;-1&#8243; orderby=&#8221;title&#8221; height=&#8221;200&#8243; target=&#8221;_blank&#8221;][\/vc_column][\/vc_row][vc_row fullwidth=&#8221;true&#8221; fullwidth_content=&#8221;false&#8221; el_class=&#8221;row-padding&#8221; css=&#8221;.vc_custom_1537283369142{background-color: #f5f5f5 !important;}&#8221; id=&#8221;sponsor&#8221;][vc_column][mk_fancy_title color=&#8221;#222222&#8243; size=&#8221;28&#8243; font_weight=&#8221;900&#8243; txt_transform=&#8221;uppercase&#8221; margin_bottom=&#8221;0&#8243; font_family=&#8221;none&#8221; align=&#8221;center&#8221; el_class=&#8221;gen-h2&#8243;]Sponsor[\/mk_fancy_title][mk_divider style=&#8221;thin_solid&#8221; divider_width=&#8221;custom_width&#8221; custom_width=&#8221;25&#8243; thickness=&#8221;4&#8243; margin_top=&#8221;0&#8243; margin_bottom=&#8221;0&#8243; el_class=&#8221;divider-primary&#8221;][vc_column_text css=&#8221;.vc_custom_1668002843622{margin-bottom: 0px !important;}&#8221;]\n<h3>Payment<\/h3>\n<p>Our sponsors fully cover the costs associated with MSE activities. We are very grateful to have you as part of this group of firms and organizations that give us their financial support.<\/p>\n<p>By agreeing to sponsor MSE, you and the members of your firm or organization have access to a calendar of relevant conferences totalling seven hours that meet the requirements of the Ordre des Ing\u00e9nieurs du Qu\u00e9bec for continuing education.<\/p>\n<p>The season begins in September and ends in August of the following year.[\/vc_column_text][mk_padding_divider size=&#8221;10&#8243;][vc_column_text css=&#8221;.vc_custom_1756923746715{margin-bottom: 0px !important;}&#8221;]\n<h3>Season 2025\/2026<\/h3>\n<h4>Annual contribution of $600.00<br \/>\nPayment by Credit Card &#8211; PayPal<\/h4>\n[\/vc_column_text][mk_button url=&#8221;http:\/\/ism-mse.ca\/en\/checkout\/?add-to-cart=8086&amp;quantity=1&#8243; el_class=&#8221;btn&#8221;]I want to sponsor[\/mk_button][\/vc_column][\/vc_row]\n<\/div>","protected":false},"excerpt":{"rendered":"<p>[mk_page_section bg_image=&#8221;https:\/\/www.ism-mse.ca\/wp-content\/uploads\/2018\/08\/banniere_pont.jpg&#8221; attachment=&#8221;fixed&#8221; bg_position=&#8221;center center&#8221; bg_repeat=&#8221;no-repeat&#8221; bg_stretch=&#8221;true&#8221; enable_3d=&#8221;true&#8221; speed_factor=&#8221;0.5&#8243; video_color_mask=&#8221;#0a0a0a&#8221; video_opacity=&#8221;0.2&#8243; full_height=&#8221;true&#8221; padding_top=&#8221;0&#8243; padding_bottom=&#8221;0&#8243; el_class=&#8221;page-header&#8221; sidebar=&#8221;sidebar-1&#8243; first_page=&#8221;false&#8221; last_page=&#8221;false&#8221;][vc_column][mk_fancy_title tag_name=&#8221;h1&#8243; color=&#8221;#ffffff&#8221; size=&#8221;64&#8243; margin_bottom=&#8221;0&#8243; font_family=&#8221;none&#8221; align=&#8221;center&#8221; el_class=&#8221;gen-h1&#8243;]Our sponsors[\/mk_fancy_title][\/vc_column][\/mk_page_section][vc_row el_class=&#8221;row-margin&#8221; id=&#8221;our-sponsors&#8221;][vc_column][mk_fancy_title color=&#8221;#222222&#8243; size=&#8221;28&#8243; font_weight=&#8221;900&#8243; txt_transform=&#8221;uppercase&#8221; margin_bottom=&#8221;0&#8243; font_family=&#8221;none&#8221; align=&#8221;center&#8221; el_class=&#8221;gen-h2&#8243;]Our Sponsors[\/mk_fancy_title][mk_divider style=&#8221;thin_solid&#8221; divider_width=&#8221;custom_width&#8221; custom_width=&#8221;25&#8243; thickness=&#8221;4&#8243; margin_top=&#8221;0&#8243; margin_bottom=&#8221;0&#8243; el_class=&#8221;divider-primary&#8221;][mk_clients style=&#8221;column&#8221; border_style=&#8221;opened_edges&#8221; column=&#8221;4&#8243; count=&#8221;-1&#8243; orderby=&#8221;title&#8221; height=&#8221;200&#8243; target=&#8221;_blank&#8221;][\/vc_column][\/vc_row][vc_row fullwidth=&#8221;true&#8221; fullwidth_content=&#8221;false&#8221; el_class=&#8221;row-padding&#8221; css=&#8221;.vc_custom_1537283369142{background-color: [&hellip;]<\/p>\n","protected":false},"author":4,"featured_media":0,"parent":0,"menu_order":0,"comment_status":"closed","ping_status":"closed","template":"","meta":{"footnotes":""},"class_list":["post-6124","page","type-page","status-publish","hentry"],"yoast_head":"<!-- This site is optimized with the Yoast SEO plugin v26.8 - https:\/\/yoast.com\/product\/yoast-seo-wordpress\/ -->\n<title>Sponsors - ISM Montr\u00e9al<\/title>\n<meta name=\"robots\" content=\"index, follow, max-snippet:-1, max-image-preview:large, max-video-preview:-1\" \/>\n<link rel=\"canonical\" href=\"https:\/\/www.ism-mse.ca\/en\/sponsors\/\" \/>\n<meta property=\"og:locale\" content=\"en_US\" \/>\n<meta property=\"og:type\" content=\"article\" \/>\n<meta property=\"og:title\" content=\"Sponsors - ISM Montr\u00e9al\" \/>\n<meta property=\"og:description\" content=\"[mk_page_section bg_image=&#8221;https:\/\/www.ism-mse.ca\/wp-content\/uploads\/2018\/08\/banniere_pont.jpg&#8221; attachment=&#8221;fixed&#8221; bg_position=&#8221;center center&#8221; bg_repeat=&#8221;no-repeat&#8221; bg_stretch=&#8221;true&#8221; enable_3d=&#8221;true&#8221; speed_factor=&#8221;0.5&#8243; video_color_mask=&#8221;#0a0a0a&#8221; video_opacity=&#8221;0.2&#8243; full_height=&#8221;true&#8221; padding_top=&#8221;0&#8243; padding_bottom=&#8221;0&#8243; el_class=&#8221;page-header&#8221; sidebar=&#8221;sidebar-1&#8243; first_page=&#8221;false&#8221; last_page=&#8221;false&#8221;][vc_column][mk_fancy_title tag_name=&#8221;h1&#8243; color=&#8221;#ffffff&#8221; size=&#8221;64&#8243; margin_bottom=&#8221;0&#8243; font_family=&#8221;none&#8221; align=&#8221;center&#8221; el_class=&#8221;gen-h1&#8243;]Our sponsors[\/mk_fancy_title][\/vc_column][\/mk_page_section][vc_row el_class=&#8221;row-margin&#8221; id=&#8221;our-sponsors&#8221;][vc_column][mk_fancy_title color=&#8221;#222222&#8243; size=&#8221;28&#8243; font_weight=&#8221;900&#8243; txt_transform=&#8221;uppercase&#8221; margin_bottom=&#8221;0&#8243; font_family=&#8221;none&#8221; align=&#8221;center&#8221; el_class=&#8221;gen-h2&#8243;]Our Sponsors[\/mk_fancy_title][mk_divider style=&#8221;thin_solid&#8221; divider_width=&#8221;custom_width&#8221; custom_width=&#8221;25&#8243; thickness=&#8221;4&#8243; margin_top=&#8221;0&#8243; margin_bottom=&#8221;0&#8243; el_class=&#8221;divider-primary&#8221;][mk_clients style=&#8221;column&#8221; border_style=&#8221;opened_edges&#8221; column=&#8221;4&#8243; count=&#8221;-1&#8243; orderby=&#8221;title&#8221; height=&#8221;200&#8243; target=&#8221;_blank&#8221;][\/vc_column][\/vc_row][vc_row fullwidth=&#8221;true&#8221; fullwidth_content=&#8221;false&#8221; el_class=&#8221;row-padding&#8221; css=&#8221;.vc_custom_1537283369142{background-color: [&hellip;]\" \/>\n<meta property=\"og:url\" content=\"https:\/\/www.ism-mse.ca\/en\/sponsors\/\" \/>\n<meta property=\"og:site_name\" content=\"ISM Montr\u00e9al\" \/>\n<meta property=\"article:modified_time\" content=\"2025-09-03T18:22:31+00:00\" \/>\n<meta name=\"twitter:card\" content=\"summary_large_image\" \/>\n<meta name=\"twitter:label1\" content=\"Est. reading time\" \/>\n\t<meta name=\"twitter:data1\" content=\"1 minute\" \/>\n<script type=\"application\/ld+json\" class=\"yoast-schema-graph\">{\"@context\":\"https:\/\/schema.org\",\"@graph\":[{\"@type\":\"WebPage\",\"@id\":\"https:\/\/www.ism-mse.ca\/en\/sponsors\/\",\"url\":\"https:\/\/www.ism-mse.ca\/en\/sponsors\/\",\"name\":\"Sponsors - ISM Montr\u00e9al\",\"isPartOf\":{\"@id\":\"https:\/\/www.ism-mse.ca\/#website\"},\"datePublished\":\"2018-08-15T18:39:21+00:00\",\"dateModified\":\"2025-09-03T18:22:31+00:00\",\"breadcrumb\":{\"@id\":\"https:\/\/www.ism-mse.ca\/en\/sponsors\/#breadcrumb\"},\"inLanguage\":\"en-US\",\"potentialAction\":[{\"@type\":\"ReadAction\",\"target\":[\"https:\/\/www.ism-mse.ca\/en\/sponsors\/\"]}]},{\"@type\":\"BreadcrumbList\",\"@id\":\"https:\/\/www.ism-mse.ca\/en\/sponsors\/#breadcrumb\",\"itemListElement\":[{\"@type\":\"ListItem\",\"position\":1,\"name\":\"Accueil\",\"item\":\"https:\/\/www.ism-mse.ca\/en\/home\/\"},{\"@type\":\"ListItem\",\"position\":2,\"name\":\"Sponsors\"}]},{\"@type\":\"WebSite\",\"@id\":\"https:\/\/www.ism-mse.ca\/#website\",\"url\":\"https:\/\/www.ism-mse.ca\/\",\"name\":\"ISM Montr\u00e9al\",\"description\":\"Ing\u00e9nieurs en structure de Montr\u00e9al\",\"potentialAction\":[{\"@type\":\"SearchAction\",\"target\":{\"@type\":\"EntryPoint\",\"urlTemplate\":\"https:\/\/www.ism-mse.ca\/?s={search_term_string}\"},\"query-input\":{\"@type\":\"PropertyValueSpecification\",\"valueRequired\":true,\"valueName\":\"search_term_string\"}}],\"inLanguage\":\"en-US\"}]}<\/script>\n<!-- \/ Yoast SEO plugin. -->","yoast_head_json":{"title":"Sponsors - ISM Montr\u00e9al","robots":{"index":"index","follow":"follow","max-snippet":"max-snippet:-1","max-image-preview":"max-image-preview:large","max-video-preview":"max-video-preview:-1"},"canonical":"https:\/\/www.ism-mse.ca\/en\/sponsors\/","og_locale":"en_US","og_type":"article","og_title":"Sponsors - ISM Montr\u00e9al","og_description":"[mk_page_section bg_image=&#8221;https:\/\/www.ism-mse.ca\/wp-content\/uploads\/2018\/08\/banniere_pont.jpg&#8221; attachment=&#8221;fixed&#8221; bg_position=&#8221;center center&#8221; bg_repeat=&#8221;no-repeat&#8221; bg_stretch=&#8221;true&#8221; enable_3d=&#8221;true&#8221; speed_factor=&#8221;0.5&#8243; video_color_mask=&#8221;#0a0a0a&#8221; video_opacity=&#8221;0.2&#8243; full_height=&#8221;true&#8221; padding_top=&#8221;0&#8243; padding_bottom=&#8221;0&#8243; el_class=&#8221;page-header&#8221; sidebar=&#8221;sidebar-1&#8243; first_page=&#8221;false&#8221; last_page=&#8221;false&#8221;][vc_column][mk_fancy_title tag_name=&#8221;h1&#8243; color=&#8221;#ffffff&#8221; size=&#8221;64&#8243; margin_bottom=&#8221;0&#8243; font_family=&#8221;none&#8221; align=&#8221;center&#8221; el_class=&#8221;gen-h1&#8243;]Our sponsors[\/mk_fancy_title][\/vc_column][\/mk_page_section][vc_row el_class=&#8221;row-margin&#8221; id=&#8221;our-sponsors&#8221;][vc_column][mk_fancy_title color=&#8221;#222222&#8243; size=&#8221;28&#8243; font_weight=&#8221;900&#8243; txt_transform=&#8221;uppercase&#8221; margin_bottom=&#8221;0&#8243; font_family=&#8221;none&#8221; align=&#8221;center&#8221; el_class=&#8221;gen-h2&#8243;]Our Sponsors[\/mk_fancy_title][mk_divider style=&#8221;thin_solid&#8221; divider_width=&#8221;custom_width&#8221; custom_width=&#8221;25&#8243; thickness=&#8221;4&#8243; margin_top=&#8221;0&#8243; margin_bottom=&#8221;0&#8243; el_class=&#8221;divider-primary&#8221;][mk_clients style=&#8221;column&#8221; border_style=&#8221;opened_edges&#8221; column=&#8221;4&#8243; count=&#8221;-1&#8243; orderby=&#8221;title&#8221; height=&#8221;200&#8243; target=&#8221;_blank&#8221;][\/vc_column][\/vc_row][vc_row fullwidth=&#8221;true&#8221; fullwidth_content=&#8221;false&#8221; el_class=&#8221;row-padding&#8221; css=&#8221;.vc_custom_1537283369142{background-color: [&hellip;]","og_url":"https:\/\/www.ism-mse.ca\/en\/sponsors\/","og_site_name":"ISM Montr\u00e9al","article_modified_time":"2025-09-03T18:22:31+00:00","twitter_card":"summary_large_image","twitter_misc":{"Est. reading time":"1 minute"},"schema":{"@context":"https:\/\/schema.org","@graph":[{"@type":"WebPage","@id":"https:\/\/www.ism-mse.ca\/en\/sponsors\/","url":"https:\/\/www.ism-mse.ca\/en\/sponsors\/","name":"Sponsors - ISM Montr\u00e9al","isPartOf":{"@id":"https:\/\/www.ism-mse.ca\/#website"},"datePublished":"2018-08-15T18:39:21+00:00","dateModified":"2025-09-03T18:22:31+00:00","breadcrumb":{"@id":"https:\/\/www.ism-mse.ca\/en\/sponsors\/#breadcrumb"},"inLanguage":"en-US","potentialAction":[{"@type":"ReadAction","target":["https:\/\/www.ism-mse.ca\/en\/sponsors\/"]}]},{"@type":"BreadcrumbList","@id":"https:\/\/www.ism-mse.ca\/en\/sponsors\/#breadcrumb","itemListElement":[{"@type":"ListItem","position":1,"name":"Accueil","item":"https:\/\/www.ism-mse.ca\/en\/home\/"},{"@type":"ListItem","position":2,"name":"Sponsors"}]},{"@type":"WebSite","@id":"https:\/\/www.ism-mse.ca\/#website","url":"https:\/\/www.ism-mse.ca\/","name":"ISM Montr\u00e9al","description":"Ing\u00e9nieurs en structure de Montr\u00e9al","potentialAction":[{"@type":"SearchAction","target":{"@type":"EntryPoint","urlTemplate":"https:\/\/www.ism-mse.ca\/?s={search_term_string}"},"query-input":{"@type":"PropertyValueSpecification","valueRequired":true,"valueName":"search_term_string"}}],"inLanguage":"en-US"}]}},"_links":{"self":[{"href":"https:\/\/www.ism-mse.ca\/en\/wp-json\/wp\/v2\/pages\/6124","targetHints":{"allow":["GET"]}}],"collection":[{"href":"https:\/\/www.ism-mse.ca\/en\/wp-json\/wp\/v2\/pages"}],"about":[{"href":"https:\/\/www.ism-mse.ca\/en\/wp-json\/wp\/v2\/types\/page"}],"author":[{"embeddable":true,"href":"https:\/\/www.ism-mse.ca\/en\/wp-json\/wp\/v2\/users\/4"}],"replies":[{"embeddable":true,"href":"https:\/\/www.ism-mse.ca\/en\/wp-json\/wp\/v2\/comments?post=6124"}],"version-history":[{"count":5,"href":"https:\/\/www.ism-mse.ca\/en\/wp-json\/wp\/v2\/pages\/6124\/revisions"}],"predecessor-version":[{"id":9190,"href":"https:\/\/www.ism-mse.ca\/en\/wp-json\/wp\/v2\/pages\/6124\/revisions\/9190"}],"wp:attachment":[{"href":"https:\/\/www.ism-mse.ca\/en\/wp-json\/wp\/v2\/media?parent=6124"}],"curies":[{"name":"wp","href":"https:\/\/api.w.org\/{rel}","templated":true}]}}