{"id":6121,"date":"2018-08-15T18:36:29","date_gmt":"2018-08-15T18:36:29","guid":{"rendered":"https:\/\/www.ism-mse.ca\/?page_id=6121"},"modified":"2022-06-02T14:54:53","modified_gmt":"2022-06-02T18:54:53","slug":"about-us","status":"publish","type":"page","link":"https:\/\/www.ism-mse.ca\/en\/about-us\/","title":{"rendered":"About us"},"content":{"rendered":"<div class=\"wpb-content-wrapper\">[mk_page_section bg_image=&#8221;https:\/\/www.ism-mse.ca\/wp-content\/uploads\/2018\/08\/banniere_pont.jpg&#8221; attachment=&#8221;fixed&#8221; bg_position=&#8221;center center&#8221; bg_repeat=&#8221;no-repeat&#8221; bg_stretch=&#8221;true&#8221; enable_3d=&#8221;true&#8221; speed_factor=&#8221;0.5&#8243; video_color_mask=&#8221;#0a0a0a&#8221; video_opacity=&#8221;0.2&#8243; full_height=&#8221;true&#8221; padding_top=&#8221;0&#8243; padding_bottom=&#8221;0&#8243; el_class=&#8221;page-header&#8221; sidebar=&#8221;sidebar-1&#8243; first_page=&#8221;false&#8221; last_page=&#8221;false&#8221;][vc_column][mk_fancy_title tag_name=&#8221;h1&#8243; color=&#8221;#ffffff&#8221; size=&#8221;64&#8243; margin_bottom=&#8221;0&#8243; font_family=&#8221;none&#8221; align=&#8221;center&#8221; el_class=&#8221;gen-h1&#8243;]About us[\/mk_fancy_title][\/vc_column][\/mk_page_section][vc_row el_class=&#8221;row-margin&#8221; id=&#8221;about-us&#8221;][vc_column][mk_fancy_title color=&#8221;#222222&#8243; size=&#8221;28&#8243; font_weight=&#8221;900&#8243; txt_transform=&#8221;uppercase&#8221; margin_bottom=&#8221;0&#8243; font_family=&#8221;none&#8221; align=&#8221;center&#8221; el_class=&#8221;gen-h2&#8243;]What&#8217;s MSE?[\/mk_fancy_title][mk_divider style=&#8221;thin_solid&#8221; divider_width=&#8221;custom_width&#8221; custom_width=&#8221;25&#8243; thickness=&#8221;4&#8243; margin_top=&#8221;30&#8243; margin_bottom=&#8221;40&#8243; el_class=&#8221;divider-primary&#8221;][vc_row_inner][vc_column_inner][vc_column_text align=&#8221;center&#8221; css=&#8221;.vc_custom_1654196090960{margin-bottom: 0px !important;}&#8221;]\n<p style=\"text-align: center;\">Montreal Structural Engineers is an association founded in 1974 to foster professional development and exchanges between structural engineers working in the Montreal area.<\/p>\n<p style=\"text-align: center;\">The year&#8217;s program generally includes seven conferences which are free of charge.<\/p>\n<p style=\"text-align: center;\">The conference generally take place at the \u00c9cole de technologie sup\u00e9rieure on the 3rd Wednesday of the month, from September to April, except December.<\/p>\n[\/vc_column_text][\/vc_column_inner][\/vc_row_inner][\/vc_column][\/vc_row][vc_row fullwidth=&#8221;true&#8221; attached=&#8221;true&#8221; padding=&#8221;0&#8243; el_class=&#8221;row-padding&#8221; css=&#8221;.vc_custom_1537384981494{background-color: #f5f5f5 !important;}&#8221; id=&#8221;organizing-committee&#8221;][vc_column][mk_fancy_title color=&#8221;#222222&#8243; size=&#8221;28&#8243; font_weight=&#8221;900&#8243; txt_transform=&#8221;uppercase&#8221; margin_bottom=&#8221;0&#8243; font_family=&#8221;none&#8221; align=&#8221;center&#8221; el_class=&#8221;gen-h2&#8243;]ORGANIZING COMMITTEE[\/mk_fancy_title][mk_divider style=&#8221;thin_solid&#8221; divider_width=&#8221;custom_width&#8221; custom_width=&#8221;25&#8243; thickness=&#8221;4&#8243; margin_top=&#8221;30&#8243; margin_bottom=&#8221;40&#8243; el_class=&#8221;divider-primary&#8221;][mk_employees style=&#8221;classic&#8221; column=&#8221;4&#8243; count=&#8221;-1&#8243; description=&#8221;false&#8221; order=&#8221;ASC&#8221; orderby=&#8221;menu_order&#8221;][\/vc_column][\/vc_row][vc_row el_class=&#8221;row-margin&#8221; id=&#8221;legal&#8221;][vc_column][mk_fancy_title color=&#8221;#222222&#8243; size=&#8221;28&#8243; font_weight=&#8221;900&#8243; txt_transform=&#8221;uppercase&#8221; margin_bottom=&#8221;0&#8243; font_family=&#8221;none&#8221; align=&#8221;center&#8221; el_class=&#8221;gen-h2&#8243;]Legal[\/mk_fancy_title][mk_divider style=&#8221;thin_solid&#8221; divider_width=&#8221;custom_width&#8221; custom_width=&#8221;25&#8243; thickness=&#8221;4&#8243; margin_top=&#8221;30&#8243; margin_bottom=&#8221;40&#8243; el_class=&#8221;divider-primary&#8221;][vc_row_inner][vc_column_inner][vc_column_text align=&#8221;center&#8221; css=&#8221;.vc_custom_1598448804218{margin-bottom: 0px !important;}&#8221;]\n<p style=\"text-align: center;\">Speakers invited by the \u201cMontreal Structural Engineer\u201d (hereinafter MSE) are fully responsible for their presentation and content. The content of the presentation involve only the speaker. Information communicated at MSE conferences is provided without warranty and reflect the opinions of the speaker only. \u201cMontreal Structural Engineer\u201d cannot be held responsible for any error, inaccuracy or omission related to the information broadcast during its conferences. Finally, MSE cannot be held responsible for the non-compliance in the transcription of extracts of norm, law or regulation reproduced or summarized. These excerpts are present to facilitate explanations and do not have the force of law. Any interpretation of norm, law or regulation must be made from official publications.<\/p>\n[\/vc_column_text][\/vc_column_inner][\/vc_row_inner][\/vc_column][\/vc_row]\n<\/div>","protected":false},"excerpt":{"rendered":"<p>[mk_page_section bg_image=&#8221;https:\/\/www.ism-mse.ca\/wp-content\/uploads\/2018\/08\/banniere_pont.jpg&#8221; attachment=&#8221;fixed&#8221; bg_position=&#8221;center center&#8221; bg_repeat=&#8221;no-repeat&#8221; bg_stretch=&#8221;true&#8221; enable_3d=&#8221;true&#8221; speed_factor=&#8221;0.5&#8243; video_color_mask=&#8221;#0a0a0a&#8221; video_opacity=&#8221;0.2&#8243; full_height=&#8221;true&#8221; padding_top=&#8221;0&#8243; padding_bottom=&#8221;0&#8243; el_class=&#8221;page-header&#8221; sidebar=&#8221;sidebar-1&#8243; first_page=&#8221;false&#8221; last_page=&#8221;false&#8221;][vc_column][mk_fancy_title tag_name=&#8221;h1&#8243; color=&#8221;#ffffff&#8221; size=&#8221;64&#8243; margin_bottom=&#8221;0&#8243; font_family=&#8221;none&#8221; align=&#8221;center&#8221; el_class=&#8221;gen-h1&#8243;]About us[\/mk_fancy_title][\/vc_column][\/mk_page_section][vc_row el_class=&#8221;row-margin&#8221; id=&#8221;about-us&#8221;][vc_column][mk_fancy_title color=&#8221;#222222&#8243; size=&#8221;28&#8243; font_weight=&#8221;900&#8243; txt_transform=&#8221;uppercase&#8221; margin_bottom=&#8221;0&#8243; font_family=&#8221;none&#8221; align=&#8221;center&#8221; el_class=&#8221;gen-h2&#8243;]What&#8217;s MSE?[\/mk_fancy_title][mk_divider style=&#8221;thin_solid&#8221; divider_width=&#8221;custom_width&#8221; custom_width=&#8221;25&#8243; thickness=&#8221;4&#8243; margin_top=&#8221;30&#8243; margin_bottom=&#8221;40&#8243; el_class=&#8221;divider-primary&#8221;][vc_row_inner][vc_column_inner][vc_column_text align=&#8221;center&#8221; css=&#8221;.vc_custom_1654196090960{margin-bottom: 0px !important;}&#8221;] Montreal Structural Engineers is an association founded [&hellip;]<\/p>\n","protected":false},"author":4,"featured_media":0,"parent":0,"menu_order":0,"comment_status":"open","ping_status":"closed","template":"","meta":{"footnotes":""},"class_list":["post-6121","page","type-page","status-publish","hentry"],"yoast_head":"<!-- This site is optimized with the Yoast SEO plugin v26.8 - https:\/\/yoast.com\/product\/yoast-seo-wordpress\/ -->\n<title>About us - ISM Montr\u00e9al<\/title>\n<meta name=\"robots\" content=\"index, follow, max-snippet:-1, max-image-preview:large, max-video-preview:-1\" \/>\n<link rel=\"canonical\" href=\"https:\/\/www.ism-mse.ca\/en\/about-us\/\" \/>\n<meta property=\"og:locale\" content=\"en_US\" \/>\n<meta property=\"og:type\" content=\"article\" \/>\n<meta property=\"og:title\" content=\"About us - ISM Montr\u00e9al\" \/>\n<meta property=\"og:description\" content=\"[mk_page_section bg_image=&#8221;https:\/\/www.ism-mse.ca\/wp-content\/uploads\/2018\/08\/banniere_pont.jpg&#8221; attachment=&#8221;fixed&#8221; bg_position=&#8221;center center&#8221; bg_repeat=&#8221;no-repeat&#8221; bg_stretch=&#8221;true&#8221; enable_3d=&#8221;true&#8221; speed_factor=&#8221;0.5&#8243; video_color_mask=&#8221;#0a0a0a&#8221; video_opacity=&#8221;0.2&#8243; full_height=&#8221;true&#8221; padding_top=&#8221;0&#8243; padding_bottom=&#8221;0&#8243; el_class=&#8221;page-header&#8221; sidebar=&#8221;sidebar-1&#8243; first_page=&#8221;false&#8221; last_page=&#8221;false&#8221;][vc_column][mk_fancy_title tag_name=&#8221;h1&#8243; color=&#8221;#ffffff&#8221; size=&#8221;64&#8243; margin_bottom=&#8221;0&#8243; font_family=&#8221;none&#8221; align=&#8221;center&#8221; el_class=&#8221;gen-h1&#8243;]About us[\/mk_fancy_title][\/vc_column][\/mk_page_section][vc_row el_class=&#8221;row-margin&#8221; id=&#8221;about-us&#8221;][vc_column][mk_fancy_title color=&#8221;#222222&#8243; size=&#8221;28&#8243; font_weight=&#8221;900&#8243; txt_transform=&#8221;uppercase&#8221; margin_bottom=&#8221;0&#8243; font_family=&#8221;none&#8221; align=&#8221;center&#8221; el_class=&#8221;gen-h2&#8243;]What&#8217;s MSE?[\/mk_fancy_title][mk_divider style=&#8221;thin_solid&#8221; divider_width=&#8221;custom_width&#8221; custom_width=&#8221;25&#8243; thickness=&#8221;4&#8243; margin_top=&#8221;30&#8243; margin_bottom=&#8221;40&#8243; el_class=&#8221;divider-primary&#8221;][vc_row_inner][vc_column_inner][vc_column_text align=&#8221;center&#8221; css=&#8221;.vc_custom_1654196090960{margin-bottom: 0px !important;}&#8221;] Montreal Structural Engineers is an association founded [&hellip;]\" \/>\n<meta property=\"og:url\" content=\"https:\/\/www.ism-mse.ca\/en\/about-us\/\" \/>\n<meta property=\"og:site_name\" content=\"ISM Montr\u00e9al\" \/>\n<meta property=\"article:modified_time\" content=\"2022-06-02T18:54:53+00:00\" \/>\n<meta name=\"twitter:card\" content=\"summary_large_image\" \/>\n<meta name=\"twitter:label1\" content=\"Est. reading time\" \/>\n\t<meta name=\"twitter:data1\" content=\"2 minutes\" \/>\n<script type=\"application\/ld+json\" class=\"yoast-schema-graph\">{\"@context\":\"https:\/\/schema.org\",\"@graph\":[{\"@type\":\"WebPage\",\"@id\":\"https:\/\/www.ism-mse.ca\/en\/about-us\/\",\"url\":\"https:\/\/www.ism-mse.ca\/en\/about-us\/\",\"name\":\"About us - ISM Montr\u00e9al\",\"isPartOf\":{\"@id\":\"https:\/\/www.ism-mse.ca\/#website\"},\"datePublished\":\"2018-08-15T18:36:29+00:00\",\"dateModified\":\"2022-06-02T18:54:53+00:00\",\"breadcrumb\":{\"@id\":\"https:\/\/www.ism-mse.ca\/en\/about-us\/#breadcrumb\"},\"inLanguage\":\"en-US\",\"potentialAction\":[{\"@type\":\"ReadAction\",\"target\":[\"https:\/\/www.ism-mse.ca\/en\/about-us\/\"]}]},{\"@type\":\"BreadcrumbList\",\"@id\":\"https:\/\/www.ism-mse.ca\/en\/about-us\/#breadcrumb\",\"itemListElement\":[{\"@type\":\"ListItem\",\"position\":1,\"name\":\"Accueil\",\"item\":\"https:\/\/www.ism-mse.ca\/en\/home\/\"},{\"@type\":\"ListItem\",\"position\":2,\"name\":\"About us\"}]},{\"@type\":\"WebSite\",\"@id\":\"https:\/\/www.ism-mse.ca\/#website\",\"url\":\"https:\/\/www.ism-mse.ca\/\",\"name\":\"ISM Montr\u00e9al\",\"description\":\"Ing\u00e9nieurs en structure de Montr\u00e9al\",\"potentialAction\":[{\"@type\":\"SearchAction\",\"target\":{\"@type\":\"EntryPoint\",\"urlTemplate\":\"https:\/\/www.ism-mse.ca\/?s={search_term_string}\"},\"query-input\":{\"@type\":\"PropertyValueSpecification\",\"valueRequired\":true,\"valueName\":\"search_term_string\"}}],\"inLanguage\":\"en-US\"}]}<\/script>\n<!-- \/ Yoast SEO plugin. -->","yoast_head_json":{"title":"About us - ISM Montr\u00e9al","robots":{"index":"index","follow":"follow","max-snippet":"max-snippet:-1","max-image-preview":"max-image-preview:large","max-video-preview":"max-video-preview:-1"},"canonical":"https:\/\/www.ism-mse.ca\/en\/about-us\/","og_locale":"en_US","og_type":"article","og_title":"About us - ISM Montr\u00e9al","og_description":"[mk_page_section bg_image=&#8221;https:\/\/www.ism-mse.ca\/wp-content\/uploads\/2018\/08\/banniere_pont.jpg&#8221; attachment=&#8221;fixed&#8221; bg_position=&#8221;center center&#8221; bg_repeat=&#8221;no-repeat&#8221; bg_stretch=&#8221;true&#8221; enable_3d=&#8221;true&#8221; speed_factor=&#8221;0.5&#8243; video_color_mask=&#8221;#0a0a0a&#8221; video_opacity=&#8221;0.2&#8243; full_height=&#8221;true&#8221; padding_top=&#8221;0&#8243; padding_bottom=&#8221;0&#8243; el_class=&#8221;page-header&#8221; sidebar=&#8221;sidebar-1&#8243; first_page=&#8221;false&#8221; last_page=&#8221;false&#8221;][vc_column][mk_fancy_title tag_name=&#8221;h1&#8243; color=&#8221;#ffffff&#8221; size=&#8221;64&#8243; margin_bottom=&#8221;0&#8243; font_family=&#8221;none&#8221; align=&#8221;center&#8221; el_class=&#8221;gen-h1&#8243;]About us[\/mk_fancy_title][\/vc_column][\/mk_page_section][vc_row el_class=&#8221;row-margin&#8221; id=&#8221;about-us&#8221;][vc_column][mk_fancy_title color=&#8221;#222222&#8243; size=&#8221;28&#8243; font_weight=&#8221;900&#8243; txt_transform=&#8221;uppercase&#8221; margin_bottom=&#8221;0&#8243; font_family=&#8221;none&#8221; align=&#8221;center&#8221; el_class=&#8221;gen-h2&#8243;]What&#8217;s MSE?[\/mk_fancy_title][mk_divider style=&#8221;thin_solid&#8221; divider_width=&#8221;custom_width&#8221; custom_width=&#8221;25&#8243; thickness=&#8221;4&#8243; margin_top=&#8221;30&#8243; margin_bottom=&#8221;40&#8243; el_class=&#8221;divider-primary&#8221;][vc_row_inner][vc_column_inner][vc_column_text align=&#8221;center&#8221; css=&#8221;.vc_custom_1654196090960{margin-bottom: 0px !important;}&#8221;] Montreal Structural Engineers is an association founded [&hellip;]","og_url":"https:\/\/www.ism-mse.ca\/en\/about-us\/","og_site_name":"ISM Montr\u00e9al","article_modified_time":"2022-06-02T18:54:53+00:00","twitter_card":"summary_large_image","twitter_misc":{"Est. reading time":"2 minutes"},"schema":{"@context":"https:\/\/schema.org","@graph":[{"@type":"WebPage","@id":"https:\/\/www.ism-mse.ca\/en\/about-us\/","url":"https:\/\/www.ism-mse.ca\/en\/about-us\/","name":"About us - ISM Montr\u00e9al","isPartOf":{"@id":"https:\/\/www.ism-mse.ca\/#website"},"datePublished":"2018-08-15T18:36:29+00:00","dateModified":"2022-06-02T18:54:53+00:00","breadcrumb":{"@id":"https:\/\/www.ism-mse.ca\/en\/about-us\/#breadcrumb"},"inLanguage":"en-US","potentialAction":[{"@type":"ReadAction","target":["https:\/\/www.ism-mse.ca\/en\/about-us\/"]}]},{"@type":"BreadcrumbList","@id":"https:\/\/www.ism-mse.ca\/en\/about-us\/#breadcrumb","itemListElement":[{"@type":"ListItem","position":1,"name":"Accueil","item":"https:\/\/www.ism-mse.ca\/en\/home\/"},{"@type":"ListItem","position":2,"name":"About us"}]},{"@type":"WebSite","@id":"https:\/\/www.ism-mse.ca\/#website","url":"https:\/\/www.ism-mse.ca\/","name":"ISM Montr\u00e9al","description":"Ing\u00e9nieurs en structure de Montr\u00e9al","potentialAction":[{"@type":"SearchAction","target":{"@type":"EntryPoint","urlTemplate":"https:\/\/www.ism-mse.ca\/?s={search_term_string}"},"query-input":{"@type":"PropertyValueSpecification","valueRequired":true,"valueName":"search_term_string"}}],"inLanguage":"en-US"}]}},"_links":{"self":[{"href":"https:\/\/www.ism-mse.ca\/en\/wp-json\/wp\/v2\/pages\/6121","targetHints":{"allow":["GET"]}}],"collection":[{"href":"https:\/\/www.ism-mse.ca\/en\/wp-json\/wp\/v2\/pages"}],"about":[{"href":"https:\/\/www.ism-mse.ca\/en\/wp-json\/wp\/v2\/types\/page"}],"author":[{"embeddable":true,"href":"https:\/\/www.ism-mse.ca\/en\/wp-json\/wp\/v2\/users\/4"}],"replies":[{"embeddable":true,"href":"https:\/\/www.ism-mse.ca\/en\/wp-json\/wp\/v2\/comments?post=6121"}],"version-history":[{"count":4,"href":"https:\/\/www.ism-mse.ca\/en\/wp-json\/wp\/v2\/pages\/6121\/revisions"}],"predecessor-version":[{"id":7941,"href":"https:\/\/www.ism-mse.ca\/en\/wp-json\/wp\/v2\/pages\/6121\/revisions\/7941"}],"wp:attachment":[{"href":"https:\/\/www.ism-mse.ca\/en\/wp-json\/wp\/v2\/media?parent=6121"}],"curies":[{"name":"wp","href":"https:\/\/api.w.org\/{rel}","templated":true}]}}