{"id":6118,"date":"2018-08-15T18:33:56","date_gmt":"2018-08-15T18:33:56","guid":{"rendered":"https:\/\/www.ism-mse.ca\/?page_id=6118"},"modified":"2025-10-06T20:53:49","modified_gmt":"2025-10-07T00:53:49","slug":"events","status":"publish","type":"page","link":"https:\/\/www.ism-mse.ca\/en\/events\/","title":{"rendered":"Events"},"content":{"rendered":"<div class=\"wpb-content-wrapper\">[mk_page_section bg_image=&#8221;https:\/\/www.ism-mse.ca\/wp-content\/uploads\/2018\/08\/banniere_pont.jpg&#8221; attachment=&#8221;fixed&#8221; bg_position=&#8221;center center&#8221; bg_repeat=&#8221;no-repeat&#8221; bg_stretch=&#8221;true&#8221; enable_3d=&#8221;true&#8221; speed_factor=&#8221;0.5&#8243; video_color_mask=&#8221;#0a0a0a&#8221; video_opacity=&#8221;0.2&#8243; full_height=&#8221;true&#8221; padding_top=&#8221;0&#8243; padding_bottom=&#8221;0&#8243; el_class=&#8221;page-header&#8221; sidebar=&#8221;sidebar-1&#8243; first_page=&#8221;false&#8221; last_page=&#8221;false&#8221;][vc_column][mk_fancy_title tag_name=&#8221;h1&#8243; color=&#8221;#ffffff&#8221; size=&#8221;64&#8243; margin_bottom=&#8221;0&#8243; font_family=&#8221;none&#8221; align=&#8221;center&#8221; el_class=&#8221;gen-h1&#8243;]Events[\/mk_fancy_title][\/vc_column][\/mk_page_section][vc_row fullwidth=&#8221;true&#8221; fullwidth_content=&#8221;false&#8221; attached=&#8221;true&#8221; padding=&#8221;0&#8243; el_class=&#8221;row-margin row-custom-container&#8221; css=&#8221;.vc_custom_1537384827746{padding-top: 0px !important;padding-right: 0px !important;padding-bottom: 0px !important;padding-left: 0px !important;}&#8221; id=&#8221;upcoming-events&#8221;][vc_column][mk_fancy_title color=&#8221;#222222&#8243; size=&#8221;28&#8243; font_weight=&#8221;900&#8243; margin_bottom=&#8221;5&#8243; font_family=&#8221;none&#8221; align=&#8221;center&#8221; el_class=&#8221;gen-h2&#8243;]Upcoming events[\/mk_fancy_title][mk_divider style=&#8221;thin_solid&#8221; divider_width=&#8221;custom_width&#8221; custom_width=&#8221;25&#8243; thickness=&#8221;4&#8243; margin_top=&#8221;30&#8243; margin_bottom=&#8221;40&#8243; el_class=&#8221;divider-primary&#8221;][vc_column_text css=&#8221;.vc_custom_1536592784769{margin-bottom: 0px !important;}&#8221;]\n<p style=\"text-align: center;\">Please note that some conferences are only available in French.<\/p>\n<p style=\"text-align: center;\">Programming is usually announced one month in advance. Please visit our website or subscribe to our newsletter to stay informed.<\/p>\n[\/vc_column_text]<p class='no-result'>No events are planned at the moment.<\/p>[\/vc_column][\/vc_row][vc_row fullwidth=&#8221;true&#8221; fullwidth_content=&#8221;false&#8221; attached=&#8221;true&#8221; padding=&#8221;0&#8243; el_class=&#8221;row-margin&#8221; id=&#8221;past-events&#8221; css=&#8221;.vc_custom_1537384818189{padding-top: 0px !important;padding-right: 0px !important;padding-bottom: 0px !important;padding-left: 0px !important;}&#8221;][vc_column][mk_fancy_title color=&#8221;#222222&#8243; size=&#8221;28&#8243; font_weight=&#8221;900&#8243; margin_bottom=&#8221;5&#8243; font_family=&#8221;none&#8221; align=&#8221;center&#8221; el_class=&#8221;gen-h2&#8243;]Past Events[\/mk_fancy_title][mk_divider style=&#8221;thin_solid&#8221; divider_width=&#8221;custom_width&#8221; custom_width=&#8221;25&#8243; thickness=&#8221;4&#8243; margin_top=&#8221;30&#8243; margin_bottom=&#8221;40&#8243; el_class=&#8221;divider-primary&#8221;][vc_column_text css=&#8221;.vc_custom_1759798398942{margin-bottom: 0px !important;}&#8221;]\n<p style=\"text-align: center;\"><a href=\"https:\/\/www.ism-mse.ca\/en\/events\/season-2025-2026\/\">Season 2025-2026<\/a><br \/>\n<a href=\"https:\/\/www.ism-mse.ca\/en\/events\/season-2024-2025\/\">Season 2024-2025<\/a><br \/>\n<a href=\"https:\/\/www.ism-mse.ca\/en\/events\/season-2023-2024\/\">Season 2023-2024<\/a><br \/>\n<a href=\"https:\/\/www.ism-mse.ca\/en\/events\/season-2022-2023\/\">Season 2022-2023<\/a><br \/>\n<a href=\"https:\/\/www.ism-mse.ca\/en\/events\/season-2021-2022\/\">Season 2021-2022<\/a><br \/>\n<a href=\"https:\/\/www.ism-mse.ca\/en\/events\/season-2020-2021\/\">Season 2020-2021<\/a><br \/>\n<a href=\"https:\/\/www.ism-mse.ca\/en\/events\/season-2019-2020\/\">Season 2019-2020<\/a><br \/>\n<a href=\"https:\/\/www.ism-mse.ca\/en\/events\/season-2018-2019\/\">Season 2018-2019<\/a><br \/>\n<a href=\"https:\/\/www.ism-mse.ca\/en\/events\/season-2017-2018\/\">Season 2017-2018<\/a><br \/>\n<a href=\"https:\/\/www.ism-mse.ca\/en\/events\/season-2016-2017\/\">Season 2016-2017<\/a><br \/>\n<a href=\"https:\/\/www.ism-mse.ca\/en\/events\/season-2015-2016\/\">Season 2015-2016<\/a><br \/>\n<a href=\"https:\/\/www.ism-mse.ca\/en\/events\/season-2014-2015\/\">Season 2014-2015<\/a><br \/>\n<a href=\"https:\/\/www.ism-mse.ca\/en\/events\/season-2013-2014\/\">Season 2013-2014<\/a><br \/>\n<a href=\"https:\/\/www.ism-mse.ca\/en\/events\/season-2012-2013\/\">Season 2012-2013<\/a><br \/>\n<a href=\"https:\/\/www.ism-mse.ca\/en\/events\/season-2011-2012\/\">Season 2011-2012<\/a><br \/>\n<a href=\"https:\/\/www.ism-mse.ca\/en\/events\/season-2010-2011\/\">Season 2010-2011<\/a><br \/>\n<a href=\"https:\/\/www.ism-mse.ca\/en\/events\/season-2009-2010\/\">Season 2009-2010<\/a><br \/>\n<a href=\"https:\/\/www.ism-mse.ca\/en\/events\/season-2008-2009\/\">Season 2008-2009<\/a><br \/>\n<a href=\"https:\/\/www.ism-mse.ca\/en\/events\/season-2007-2008\/\">Season 2007-2008<\/a><br \/>\n<a href=\"https:\/\/www.ism-mse.ca\/en\/events\/season-2006-2007\/\">Season 2006-2007<\/a><br \/>\n<a href=\"https:\/\/www.ism-mse.ca\/en\/events\/season-2005-2006\/\">Season 2005-2006<\/a><br \/>\n<a href=\"https:\/\/www.ism-mse.ca\/en\/events\/season-2004-2005\/\">Season 2004-2005<\/a><br \/>\n<a href=\"https:\/\/www.ism-mse.ca\/wp-content\/uploads\/2018\/08\/ism-2003_2004.pdf\" target=\"_blank\" rel=\"noopener\">Season 2003-2004 (pdf)<\/a><br \/>\n<a href=\"https:\/\/www.ism-mse.ca\/wp-content\/uploads\/2018\/08\/ism-2002_2003.pdf\" target=\"_blank\" rel=\"noopener\">Season 2002-2003 (pdf)<\/a><br \/>\n<a href=\"https:\/\/www.ism-mse.ca\/wp-content\/uploads\/2018\/08\/ism-2001_2002.pdf\" target=\"_blank\" rel=\"noopener\">Season 2001-2002 (pdf)<\/a><br \/>\n<a href=\"https:\/\/www.ism-mse.ca\/wp-content\/uploads\/2018\/08\/ism-2000_2001.pdf\" target=\"_blank\" rel=\"noopener\">Season 2000-2001 (pdf)<\/a><\/p>\n[\/vc_column_text][\/vc_column][\/vc_row][vc_row fullwidth=&#8221;true&#8221; fullwidth_content=&#8221;false&#8221; attached=&#8221;true&#8221; padding=&#8221;0&#8243; el_class=&#8221;row-margin&#8221; id=&#8221;newsletter&#8221; css=&#8221;.vc_custom_1537384809108{padding-top: 0px !important;padding-right: 0px !important;padding-bottom: 0px !important;padding-left: 0px !important;}&#8221;][vc_column][mk_fancy_title color=&#8221;#222222&#8243; size=&#8221;28&#8243; font_weight=&#8221;900&#8243; margin_bottom=&#8221;5&#8243; font_family=&#8221;none&#8221; align=&#8221;center&#8221; el_class=&#8221;gen-h2&#8243;]Legal[\/mk_fancy_title][mk_divider style=&#8221;thin_solid&#8221; divider_width=&#8221;custom_width&#8221; custom_width=&#8221;25&#8243; thickness=&#8221;4&#8243; margin_top=&#8221;30&#8243; margin_bottom=&#8221;40&#8243; el_class=&#8221;divider-primary&#8221;][vc_column_text css=&#8221;.vc_custom_1695410415969{margin-bottom: 0px !important;}&#8221;]\n<p style=\"text-align: center;\">Speakers invited by the \u201cMontreal Structural Engineer\u201d (hereinafter MSE) are fully responsible for their presentation and content. The content of the presentation involve only the speaker. Information communicated at MSE conferences is provided without warranty and reflect the opinions of the speaker only. \u201cMontreal Structural Engineer\u201d cannot be held responsible for any error, inaccuracy or omission related to the information broadcast during its conferences. Finally, MSE cannot be held responsible for the non-compliance in the transcription of extracts of norm, law or regulation reproduced or summarized. These excerpts are present to facilitate explanations and do not have the force of law. Any interpretation of norm, law or regulation must be made from official publications.<\/p>\n[\/vc_column_text][\/vc_column][\/vc_row][vc_row fullwidth=&#8221;true&#8221; fullwidth_content=&#8221;false&#8221; attached=&#8221;true&#8221; padding=&#8221;0&#8243; el_class=&#8221;row-margin&#8221; id=&#8221;newsletter&#8221; css=&#8221;.vc_custom_1537384809108{padding-top: 0px !important;padding-right: 0px !important;padding-bottom: 0px !important;padding-left: 0px !important;}&#8221;][vc_column][mk_fancy_title color=&#8221;#222222&#8243; size=&#8221;28&#8243; font_weight=&#8221;900&#8243; margin_bottom=&#8221;5&#8243; font_family=&#8221;none&#8221; align=&#8221;center&#8221; el_class=&#8221;gen-h2&#8243;]Newsletter[\/mk_fancy_title][mk_divider style=&#8221;thin_solid&#8221; divider_width=&#8221;custom_width&#8221; custom_width=&#8221;25&#8243; thickness=&#8221;4&#8243; margin_top=&#8221;30&#8243; margin_bottom=&#8221;40&#8243; el_class=&#8221;divider-primary&#8221;][vc_column_text css=&#8221;.vc_custom_1537384784978{margin-bottom: 0px !important;}&#8221;]\n<p style=\"text-align: center;\">To keep you informed of our upcoming events, subscribe to our newsletter<\/p>\n[\/vc_column_text][mk_button dimension=&#8221;outline&#8221; size=&#8221;large&#8221; url=&#8221;https:\/\/us13.list-manage.com\/subscribe?u=45437acafe928f3a689935f48&amp;id=13e85ac768&#8243; target=&#8221;_blank&#8221; align=&#8221;center&#8221; el_class=&#8221;gen-button outline-primary&#8221;]Subscribe[\/mk_button][\/vc_column][\/vc_row]\n<\/div>","protected":false},"excerpt":{"rendered":"<p>[mk_page_section bg_image=&#8221;https:\/\/www.ism-mse.ca\/wp-content\/uploads\/2018\/08\/banniere_pont.jpg&#8221; attachment=&#8221;fixed&#8221; bg_position=&#8221;center center&#8221; bg_repeat=&#8221;no-repeat&#8221; bg_stretch=&#8221;true&#8221; enable_3d=&#8221;true&#8221; speed_factor=&#8221;0.5&#8243; video_color_mask=&#8221;#0a0a0a&#8221; video_opacity=&#8221;0.2&#8243; full_height=&#8221;true&#8221; padding_top=&#8221;0&#8243; padding_bottom=&#8221;0&#8243; el_class=&#8221;page-header&#8221; sidebar=&#8221;sidebar-1&#8243; first_page=&#8221;false&#8221; last_page=&#8221;false&#8221;][vc_column][mk_fancy_title tag_name=&#8221;h1&#8243; color=&#8221;#ffffff&#8221; size=&#8221;64&#8243; margin_bottom=&#8221;0&#8243; font_family=&#8221;none&#8221; align=&#8221;center&#8221; el_class=&#8221;gen-h1&#8243;]Events[\/mk_fancy_title][\/vc_column][\/mk_page_section][vc_row fullwidth=&#8221;true&#8221; fullwidth_content=&#8221;false&#8221; attached=&#8221;true&#8221; padding=&#8221;0&#8243; el_class=&#8221;row-margin row-custom-container&#8221; css=&#8221;.vc_custom_1537384827746{padding-top: 0px !important;padding-right: 0px !important;padding-bottom: 0px !important;padding-left: 0px !important;}&#8221; id=&#8221;upcoming-events&#8221;][vc_column][mk_fancy_title color=&#8221;#222222&#8243; size=&#8221;28&#8243; font_weight=&#8221;900&#8243; margin_bottom=&#8221;5&#8243; font_family=&#8221;none&#8221; align=&#8221;center&#8221; el_class=&#8221;gen-h2&#8243;]Upcoming events[\/mk_fancy_title][mk_divider style=&#8221;thin_solid&#8221; divider_width=&#8221;custom_width&#8221; custom_width=&#8221;25&#8243; thickness=&#8221;4&#8243; margin_top=&#8221;30&#8243; margin_bottom=&#8221;40&#8243; [&hellip;]<\/p>\n","protected":false},"author":4,"featured_media":0,"parent":0,"menu_order":0,"comment_status":"closed","ping_status":"closed","template":"","meta":{"footnotes":""},"class_list":["post-6118","page","type-page","status-publish","hentry"],"yoast_head":"<!-- This site is optimized with the Yoast SEO plugin v26.8 - https:\/\/yoast.com\/product\/yoast-seo-wordpress\/ -->\n<title>Events - ISM Montr\u00e9al<\/title>\n<meta name=\"robots\" content=\"index, follow, max-snippet:-1, max-image-preview:large, max-video-preview:-1\" \/>\n<link rel=\"canonical\" href=\"https:\/\/www.ism-mse.ca\/en\/events\/\" \/>\n<meta property=\"og:locale\" content=\"en_US\" \/>\n<meta property=\"og:type\" content=\"article\" \/>\n<meta property=\"og:title\" content=\"Events - ISM Montr\u00e9al\" \/>\n<meta property=\"og:description\" content=\"[mk_page_section bg_image=&#8221;https:\/\/www.ism-mse.ca\/wp-content\/uploads\/2018\/08\/banniere_pont.jpg&#8221; attachment=&#8221;fixed&#8221; bg_position=&#8221;center center&#8221; bg_repeat=&#8221;no-repeat&#8221; bg_stretch=&#8221;true&#8221; enable_3d=&#8221;true&#8221; speed_factor=&#8221;0.5&#8243; video_color_mask=&#8221;#0a0a0a&#8221; video_opacity=&#8221;0.2&#8243; full_height=&#8221;true&#8221; padding_top=&#8221;0&#8243; padding_bottom=&#8221;0&#8243; el_class=&#8221;page-header&#8221; sidebar=&#8221;sidebar-1&#8243; first_page=&#8221;false&#8221; last_page=&#8221;false&#8221;][vc_column][mk_fancy_title tag_name=&#8221;h1&#8243; color=&#8221;#ffffff&#8221; size=&#8221;64&#8243; margin_bottom=&#8221;0&#8243; font_family=&#8221;none&#8221; align=&#8221;center&#8221; el_class=&#8221;gen-h1&#8243;]Events[\/mk_fancy_title][\/vc_column][\/mk_page_section][vc_row fullwidth=&#8221;true&#8221; fullwidth_content=&#8221;false&#8221; attached=&#8221;true&#8221; padding=&#8221;0&#8243; el_class=&#8221;row-margin row-custom-container&#8221; css=&#8221;.vc_custom_1537384827746{padding-top: 0px !important;padding-right: 0px !important;padding-bottom: 0px !important;padding-left: 0px !important;}&#8221; id=&#8221;upcoming-events&#8221;][vc_column][mk_fancy_title color=&#8221;#222222&#8243; size=&#8221;28&#8243; font_weight=&#8221;900&#8243; margin_bottom=&#8221;5&#8243; font_family=&#8221;none&#8221; align=&#8221;center&#8221; el_class=&#8221;gen-h2&#8243;]Upcoming events[\/mk_fancy_title][mk_divider style=&#8221;thin_solid&#8221; divider_width=&#8221;custom_width&#8221; custom_width=&#8221;25&#8243; thickness=&#8221;4&#8243; margin_top=&#8221;30&#8243; margin_bottom=&#8221;40&#8243; [&hellip;]\" \/>\n<meta property=\"og:url\" content=\"https:\/\/www.ism-mse.ca\/en\/events\/\" \/>\n<meta property=\"og:site_name\" content=\"ISM Montr\u00e9al\" \/>\n<meta property=\"article:modified_time\" content=\"2025-10-07T00:53:49+00:00\" \/>\n<meta name=\"twitter:card\" content=\"summary_large_image\" \/>\n<meta name=\"twitter:label1\" content=\"Est. reading time\" \/>\n\t<meta name=\"twitter:data1\" content=\"2 minutes\" \/>\n<script type=\"application\/ld+json\" class=\"yoast-schema-graph\">{\"@context\":\"https:\/\/schema.org\",\"@graph\":[{\"@type\":\"WebPage\",\"@id\":\"https:\/\/www.ism-mse.ca\/en\/events\/\",\"url\":\"https:\/\/www.ism-mse.ca\/en\/events\/\",\"name\":\"Events - ISM Montr\u00e9al\",\"isPartOf\":{\"@id\":\"https:\/\/www.ism-mse.ca\/#website\"},\"datePublished\":\"2018-08-15T18:33:56+00:00\",\"dateModified\":\"2025-10-07T00:53:49+00:00\",\"breadcrumb\":{\"@id\":\"https:\/\/www.ism-mse.ca\/en\/events\/#breadcrumb\"},\"inLanguage\":\"en-US\",\"potentialAction\":[{\"@type\":\"ReadAction\",\"target\":[\"https:\/\/www.ism-mse.ca\/en\/events\/\"]}]},{\"@type\":\"BreadcrumbList\",\"@id\":\"https:\/\/www.ism-mse.ca\/en\/events\/#breadcrumb\",\"itemListElement\":[{\"@type\":\"ListItem\",\"position\":1,\"name\":\"Accueil\",\"item\":\"https:\/\/www.ism-mse.ca\/en\/home\/\"},{\"@type\":\"ListItem\",\"position\":2,\"name\":\"Events\"}]},{\"@type\":\"WebSite\",\"@id\":\"https:\/\/www.ism-mse.ca\/#website\",\"url\":\"https:\/\/www.ism-mse.ca\/\",\"name\":\"ISM Montr\u00e9al\",\"description\":\"Ing\u00e9nieurs en structure de Montr\u00e9al\",\"potentialAction\":[{\"@type\":\"SearchAction\",\"target\":{\"@type\":\"EntryPoint\",\"urlTemplate\":\"https:\/\/www.ism-mse.ca\/?s={search_term_string}\"},\"query-input\":{\"@type\":\"PropertyValueSpecification\",\"valueRequired\":true,\"valueName\":\"search_term_string\"}}],\"inLanguage\":\"en-US\"}]}<\/script>\n<!-- \/ Yoast SEO plugin. -->","yoast_head_json":{"title":"Events - ISM Montr\u00e9al","robots":{"index":"index","follow":"follow","max-snippet":"max-snippet:-1","max-image-preview":"max-image-preview:large","max-video-preview":"max-video-preview:-1"},"canonical":"https:\/\/www.ism-mse.ca\/en\/events\/","og_locale":"en_US","og_type":"article","og_title":"Events - ISM Montr\u00e9al","og_description":"[mk_page_section bg_image=&#8221;https:\/\/www.ism-mse.ca\/wp-content\/uploads\/2018\/08\/banniere_pont.jpg&#8221; attachment=&#8221;fixed&#8221; bg_position=&#8221;center center&#8221; bg_repeat=&#8221;no-repeat&#8221; bg_stretch=&#8221;true&#8221; enable_3d=&#8221;true&#8221; speed_factor=&#8221;0.5&#8243; video_color_mask=&#8221;#0a0a0a&#8221; video_opacity=&#8221;0.2&#8243; full_height=&#8221;true&#8221; padding_top=&#8221;0&#8243; padding_bottom=&#8221;0&#8243; el_class=&#8221;page-header&#8221; sidebar=&#8221;sidebar-1&#8243; first_page=&#8221;false&#8221; last_page=&#8221;false&#8221;][vc_column][mk_fancy_title tag_name=&#8221;h1&#8243; color=&#8221;#ffffff&#8221; size=&#8221;64&#8243; margin_bottom=&#8221;0&#8243; font_family=&#8221;none&#8221; align=&#8221;center&#8221; el_class=&#8221;gen-h1&#8243;]Events[\/mk_fancy_title][\/vc_column][\/mk_page_section][vc_row fullwidth=&#8221;true&#8221; fullwidth_content=&#8221;false&#8221; attached=&#8221;true&#8221; padding=&#8221;0&#8243; el_class=&#8221;row-margin row-custom-container&#8221; css=&#8221;.vc_custom_1537384827746{padding-top: 0px !important;padding-right: 0px !important;padding-bottom: 0px !important;padding-left: 0px !important;}&#8221; id=&#8221;upcoming-events&#8221;][vc_column][mk_fancy_title color=&#8221;#222222&#8243; size=&#8221;28&#8243; font_weight=&#8221;900&#8243; margin_bottom=&#8221;5&#8243; font_family=&#8221;none&#8221; align=&#8221;center&#8221; el_class=&#8221;gen-h2&#8243;]Upcoming events[\/mk_fancy_title][mk_divider style=&#8221;thin_solid&#8221; divider_width=&#8221;custom_width&#8221; custom_width=&#8221;25&#8243; thickness=&#8221;4&#8243; margin_top=&#8221;30&#8243; margin_bottom=&#8221;40&#8243; [&hellip;]","og_url":"https:\/\/www.ism-mse.ca\/en\/events\/","og_site_name":"ISM Montr\u00e9al","article_modified_time":"2025-10-07T00:53:49+00:00","twitter_card":"summary_large_image","twitter_misc":{"Est. reading time":"2 minutes"},"schema":{"@context":"https:\/\/schema.org","@graph":[{"@type":"WebPage","@id":"https:\/\/www.ism-mse.ca\/en\/events\/","url":"https:\/\/www.ism-mse.ca\/en\/events\/","name":"Events - ISM Montr\u00e9al","isPartOf":{"@id":"https:\/\/www.ism-mse.ca\/#website"},"datePublished":"2018-08-15T18:33:56+00:00","dateModified":"2025-10-07T00:53:49+00:00","breadcrumb":{"@id":"https:\/\/www.ism-mse.ca\/en\/events\/#breadcrumb"},"inLanguage":"en-US","potentialAction":[{"@type":"ReadAction","target":["https:\/\/www.ism-mse.ca\/en\/events\/"]}]},{"@type":"BreadcrumbList","@id":"https:\/\/www.ism-mse.ca\/en\/events\/#breadcrumb","itemListElement":[{"@type":"ListItem","position":1,"name":"Accueil","item":"https:\/\/www.ism-mse.ca\/en\/home\/"},{"@type":"ListItem","position":2,"name":"Events"}]},{"@type":"WebSite","@id":"https:\/\/www.ism-mse.ca\/#website","url":"https:\/\/www.ism-mse.ca\/","name":"ISM Montr\u00e9al","description":"Ing\u00e9nieurs en structure de Montr\u00e9al","potentialAction":[{"@type":"SearchAction","target":{"@type":"EntryPoint","urlTemplate":"https:\/\/www.ism-mse.ca\/?s={search_term_string}"},"query-input":{"@type":"PropertyValueSpecification","valueRequired":true,"valueName":"search_term_string"}}],"inLanguage":"en-US"}]}},"_links":{"self":[{"href":"https:\/\/www.ism-mse.ca\/en\/wp-json\/wp\/v2\/pages\/6118","targetHints":{"allow":["GET"]}}],"collection":[{"href":"https:\/\/www.ism-mse.ca\/en\/wp-json\/wp\/v2\/pages"}],"about":[{"href":"https:\/\/www.ism-mse.ca\/en\/wp-json\/wp\/v2\/types\/page"}],"author":[{"embeddable":true,"href":"https:\/\/www.ism-mse.ca\/en\/wp-json\/wp\/v2\/users\/4"}],"replies":[{"embeddable":true,"href":"https:\/\/www.ism-mse.ca\/en\/wp-json\/wp\/v2\/comments?post=6118"}],"version-history":[{"count":5,"href":"https:\/\/www.ism-mse.ca\/en\/wp-json\/wp\/v2\/pages\/6118\/revisions"}],"predecessor-version":[{"id":9245,"href":"https:\/\/www.ism-mse.ca\/en\/wp-json\/wp\/v2\/pages\/6118\/revisions\/9245"}],"wp:attachment":[{"href":"https:\/\/www.ism-mse.ca\/en\/wp-json\/wp\/v2\/media?parent=6118"}],"curies":[{"name":"wp","href":"https:\/\/api.w.org\/{rel}","templated":true}]}}